{"id":476,"date":"2023-10-26T15:07:57","date_gmt":"2023-10-26T15:07:57","guid":{"rendered":"https:\/\/www.irfsolutions.at\/?page_id=476"},"modified":"2024-11-22T21:39:09","modified_gmt":"2024-11-22T21:39:09","slug":"kontakt","status":"publish","type":"page","link":"https:\/\/www.irfsolutions.at\/en\/kontakt\/","title":{"rendered":"Contact Us"},"content":{"rendered":"<div class='breakdance'><section class=\"bde-section-476-123 bde-section\">\n  \n\t\n\n\n\n<div class=\"section-container\"><h1 class=\"bde-heading-476-124 bde-heading\">\nWie k\u00f6nnen wir Ihnen behilflich sein?\t\t<br>\n<\/h1><div class=\"bde-fancy-divider-476-125 bde-fancy-divider\">\n\n\n<div class=\"bde-fancy-divider__wrapper\">\n  <div class=\"bde-fancy-divider__separator   \">\n  \t  <\/div>\n<\/div>\n\n<\/div><div class=\"bde-text-476-126 bde-text\">\nNur einige Fragen zu Ihrem Projekt, und dann k\u00f6nnen wir mit der Zusammenarbeit beginnen!<br>\n<\/div><div class=\"bde-shortcode-476-127 bde-shortcode\">\n\n<div class=\"wpcf7 no-js\" id=\"wpcf7-f1149-o1\" lang=\"hu-HU\" dir=\"ltr\" data-wpcf7-id=\"1149\">\n<div class=\"screen-reader-response\"><p role=\"status\" aria-live=\"polite\" aria-atomic=\"true\"><\/p> <ul><\/ul><\/div>\n<form action=\"\/en\/wp-json\/wp\/v2\/pages\/476#wpcf7-f1149-o1\" method=\"post\" class=\"wpcf7-form init\" aria-label=\"Kapcsolatfelv\u00e9teli \u0171rlap\" novalidate=\"novalidate\" data-status=\"init\">\n<fieldset class=\"hidden-fields-container\"><input type=\"hidden\" name=\"_wpcf7\" value=\"1149\" \/><input type=\"hidden\" name=\"_wpcf7_version\" value=\"6.1.5\" \/><input type=\"hidden\" name=\"_wpcf7_locale\" value=\"hu_HU\" \/><input type=\"hidden\" name=\"_wpcf7_unit_tag\" value=\"wpcf7-f1149-o1\" \/><input type=\"hidden\" name=\"_wpcf7_container_post\" value=\"0\" \/><input type=\"hidden\" name=\"_wpcf7_posted_data_hash\" value=\"\" \/>\n<\/fieldset>\n<div class=\"irf-from\">\n\t<div class=\"irf-form-group irf-form-group--color-purple\">\n\t\t<div class=\"irf-form-aside\">\n\t\t\t<p><label for=\"irf-form1-name\">Wie k\u00f6nnen wir Kontakt mit Ihnen aufnehmen?<\/label>\n\t\t\t<\/p>\n\t\t\t<div class=\"irf-form-desc\">\n\t\t\t\t<p>Bitte geben Sie Ihre Kontaktinformationen an, damit wir Sie so schnell wie m\u00f6glich erreichen k\u00f6nnen.\n\t\t\t\t<\/p>\n\t\t\t<\/div>\n\t\t<\/div>\n\t\t<div class=\"irf-form-fields\">\n\t\t\t<div class=\"irf-form-item\">\n\t\t\t\t<p><span class=\"wpcf7-form-control-wrap\" data-name=\"your-name\"><input size=\"40\" maxlength=\"400\" class=\"wpcf7-form-control wpcf7-text wpcf7-validates-as-required\" id=\"irf-form1-name\" autocomplete=\"name\" aria-required=\"true\" aria-invalid=\"false\" placeholder=\"Name*\" value=\"\" type=\"text\" name=\"your-name\" \/><\/span>\n\t\t\t\t<\/p>\n\t\t\t<\/div>\n\t\t\t<div class=\"irf-form-item\">\n\t\t\t\t<p><span class=\"wpcf7-form-control-wrap\" data-name=\"your-email\"><input size=\"40\" maxlength=\"400\" class=\"wpcf7-form-control wpcf7-email wpcf7-validates-as-required wpcf7-text wpcf7-validates-as-email\" id=\"irf-form1-email\" autocomplete=\"email\" aria-required=\"true\" aria-invalid=\"false\" placeholder=\"E-mail*\" value=\"\" type=\"email\" name=\"your-email\" \/><\/span>\n\t\t\t\t<\/p>\n\t\t\t<\/div>\n\t\t\t<div class=\"irf-form-item\">\n\t\t\t\t<p><span class=\"wpcf7-form-control-wrap\" data-name=\"phone\"><input size=\"40\" maxlength=\"400\" class=\"wpcf7-form-control wpcf7-tel wpcf7-text wpcf7-validates-as-tel\" id=\"irf-form1-phone\" autocomplete=\"phone\" aria-invalid=\"false\" placeholder=\"Telefonnummer\" value=\"\" type=\"tel\" name=\"phone\" \/><\/span>\n\t\t\t\t<\/p>\n\t\t\t<\/div>\n\t\t\t<div class=\"irf-form-item\">\n\t\t\t\t<p><small>Mit der \u00dcbermittlung Ihrer Kontaktdaten erkl\u00e4ren Sie sich mit diesem Thema in \u00dcbereinstimmung mit unserer <a target=\"_blank\" href=\"\/data-policy\">Datenschutzrichtlinie.<\/a>.<br \/>\n<\/small>\n\t\t\t\t<\/p>\n\t\t\t\t<p><span class=\"wpcf7-form-control-wrap\" data-name=\"terms\"><span class=\"wpcf7-form-control wpcf7-checkbox wpcf7-validates-as-required\"><span class=\"wpcf7-list-item first last\"><label><input type=\"checkbox\" name=\"terms[]\" value=\"Ich bin damit einverstanden, kontaktiert zu werden*\" \/><span class=\"wpcf7-list-item-label\">Ich bin damit einverstanden, kontaktiert zu werden*<\/span><\/label><\/span><\/span><\/span>\n\t\t\t\t<\/p>\n\t\t\t<\/div>\n\t\t<\/div>\n\t<\/div>\n\t<div class=\"irf-form-group irf-form-group--color-blue\">\n\t\t<div class=\"irf-form-aside\">\n\t\t\t<p><label for=\"irf-form1-message\">Wie k\u00f6nnen wir Ihnen helfen?<\/label>\n\t\t\t<\/p>\n\t\t\t<div class=\"irf-form-desc\">\n\t\t\t\t<p>Nennen Sie uns kurz Ihr konkretes Problem, f\u00fcr das Sie eine L\u00f6sung suchen.\n\t\t\t\t<\/p>\n\t\t\t<\/div>\n\t\t<\/div>\n\t\t<div class=\"irf-form-fields\">\n\t\t\t<div class=\"irf-form-item\">\n\t\t\t\t<p><span class=\"wpcf7-form-control-wrap\" data-name=\"your-message\"><textarea cols=\"40\" rows=\"10\" maxlength=\"2000\" class=\"wpcf7-form-control wpcf7-textarea\" id=\"irf-form1-message\" aria-invalid=\"false\" placeholder=\"Kurze Beschreibung des Projekts\" name=\"your-message\"><\/textarea><\/span>\n\t\t\t\t<\/p>\n\t\t\t<\/div>\n\t\t<\/div>\n\t<\/div>\n\t<div class=\"irf-form-end-msg\">\n\t\t<p>Nach dem Absenden werden wir uns innerhalb eines Arbeitstags mit Ihnen in Verbindung setzen!\n\t\t<\/p>\n\t<\/div>\n\t<div class=\"irf-form-end-btn\">\n\t\t<p><input class=\"wpcf7-form-control wpcf7-submit has-spinner\" type=\"submit\" value=\"Senden\" \/>\n\t\t<\/p>\n\t<\/div>\n<\/div><noscript>\n\t\t\t<div class=\"wpcf7-response-output wpcf7-spam-blocked\">Your browser does not support JavaScript!. Please enable javascript in your browser in order to get form work properly.<\/div>\n\t<\/noscript><script type='text\/javascript'>\n\n\t\t\t\t\t\tif(contactform === undefined){\n\t\t\t\t\t\t\tvar contactform = [];\n\t\t\t\t\t\t}\n\t\t\t\t\t\tvar innerVal = [1149,'mail_sent_ok','Herzlichen Dank f&uuml;r Ihr Interesse.'];\n\t\t\t\t\t\tcontactform.push(innerVal);\n\t\t\t\t\t\tvar innerVal = [1149,'mail_sent_ng','Egy hiba t&ouml;rt&eacute;nt az &uuml;zenet k&uuml;ld&eacute;se sor&aacute;n, a m\u0171veletet meg kell ism&eacute;telni.'];\n\t\t\t\t\t\tcontactform.push(innerVal);\n\t\t\t\t\t\tvar innerVal = [1149,'validation_error','Bitte korrigieren Sie die markierten Fehler im Formular.'];\n\t\t\t\t\t\tcontactform.push(innerVal);\n\t\t\t\t\t\tvar innerVal = [1149,'spam','Egy hiba t&ouml;rt&eacute;nt az &uuml;zenet k&uuml;ld&eacute;se sor&aacute;n, a m\u0171veletet meg kell ism&eacute;telni.'];\n\t\t\t\t\t\tcontactform.push(innerVal);\n\t\t\t\t\t\tvar innerVal = [1149,'accept_terms','Az &uuml;zenet elk&uuml;ld&eacute;se el\u0151tt a felt&eacute;teleket el kell fogadni.'];\n\t\t\t\t\t\tcontactform.push(innerVal);\n\t\t\t\t\t\tvar innerVal = [1149,'invalid_required','Dieses Feld darf nicht leer sein.'];\n\t\t\t\t\t\tcontactform.push(innerVal);\n\t\t\t\t\t\tvar innerVal = [1149,'invalid_too_long','A mez\u0151be &iacute;rt sz&ouml;veg t&uacute;l hossz&uacute;.'];\n\t\t\t\t\t\tcontactform.push(innerVal);\n\t\t\t\t\t\tvar innerVal = [1149,'invalid_too_short','A mez\u0151be &iacute;rt sz&ouml;veg t&uacute;l r&ouml;vid.'];\n\t\t\t\t\t\tcontactform.push(innerVal);\n\t\t\t\t\t\tvar innerVal = [1149,'upload_failed','Ismeretlen eredet\u0171 hiba t&ouml;rt&eacute;nt a f&aacute;jlfelt&ouml;lt&eacute;skor.'];\n\t\t\t\t\t\tcontactform.push(innerVal);\n\t\t\t\t\t\tvar innerVal = [1149,'upload_file_type_invalid','Az ilyen t&iacute;pus&uacute; f&aacute;jlok felt&ouml;lt&eacute;se tilos.'];\n\t\t\t\t\t\tcontactform.push(innerVal);\n\t\t\t\t\t\tvar innerVal = [1149,'upload_file_too_large','A felt&ouml;lt&ouml;tt f&aacute;jl t&uacute;l nagy.'];\n\t\t\t\t\t\tcontactform.push(innerVal);\n\t\t\t\t\t\tvar innerVal = [1149,'upload_failed_php_error','Hiba t&ouml;rt&eacute;nt a f&aacute;jl felt&ouml;lt&eacute;sekor.'];\n\t\t\t\t\t\tcontactform.push(innerVal);\n\t\t\t\t\t\tvar innerVal = [1149,'invalid_date','K&eacute;rj&uuml;k, &Eacute;&Eacute;&Eacute;&Eacute;&Eacute;-HH-NN form&aacute;tum&uacute; d&aacute;tumot adjon meg.'];\n\t\t\t\t\t\tcontactform.push(innerVal);\n\t\t\t\t\t\tvar innerVal = [1149,'date_too_early','A mez\u0151 t&uacute;l korai d&aacute;tumot tartalmaz.'];\n\t\t\t\t\t\tcontactform.push(innerVal);\n\t\t\t\t\t\tvar innerVal = [1149,'date_too_late','A mez\u0151 t&uacute;l k&eacute;s\u0151i d&aacute;tumot tartalmaz.'];\n\t\t\t\t\t\tcontactform.push(innerVal);\n\t\t\t\t\t\tvar innerVal = [1149,'invalid_number','K&eacute;rj&uuml;k, sz&aacute;mot adjon meg.'];\n\t\t\t\t\t\tcontactform.push(innerVal);\n\t\t\t\t\t\tvar innerVal = [1149,'number_too_small','A mez\u0151be &iacute;rt sz&aacute;m t&uacute;l kicsi.'];\n\t\t\t\t\t\tcontactform.push(innerVal);\n\t\t\t\t\t\tvar innerVal = [1149,'number_too_large','A mez\u0151be &iacute;rt sz&aacute;m t&uacute;l nagy.'];\n\t\t\t\t\t\tcontactform.push(innerVal);\n\t\t\t\t\t\tvar innerVal = [1149,'quiz_answer_not_correct','A quiz-k&eacute;rd&eacute;sre adott v&aacute;lasz hib&aacute;s.'];\n\t\t\t\t\t\tcontactform.push(innerVal);\n\t\t\t\t\t\tvar innerVal = [1149,'invalid_email','Bitte geben Sie eine g&uuml;ltige E-Mail-Adresse in.'];\n\t\t\t\t\t\tcontactform.push(innerVal);\n\t\t\t\t\t\tvar innerVal = [1149,'invalid_url','K&eacute;rj&uuml;k webc&iacute;met (URL) adjon meg.'];\n\t\t\t\t\t\tcontactform.push(innerVal);\n\t\t\t\t\t\tvar innerVal = [1149,'invalid_tel','K&eacute;rj&uuml;k, telefonsz&aacute;mot adjon meg.'];\n\t\t\t\t\t\tcontactform.push(innerVal);\n\t\t\t\t\t\tvar innerVal = [1149,'gdpr',''];\n\t\t\t\t\t\tcontactform.push(innerVal);\n\t\t\t\t\t\t<\/script><p style=\"display: none !important;\" class=\"akismet-fields-container\" data-prefix=\"_wpcf7_ak_\"><label>&#916;<textarea name=\"_wpcf7_ak_hp_textarea\" cols=\"45\" rows=\"8\" maxlength=\"100\"><\/textarea><\/label><input type=\"hidden\" id=\"ak_js_1\" name=\"_wpcf7_ak_js\" value=\"245\"\/><script>document.getElementById( \"ak_js_1\" ).setAttribute( \"value\", ( new Date() ).getTime() );<\/script><\/p><div class=\"wpcf7-response-output\" aria-hidden=\"true\"><\/div>\n<\/form>\n<\/div>\n\n<\/div><\/div>\n<\/section><section id=\"calendly\" class=\"bde-section-476-149 bde-section\">\n              \n  \n\t\n\n  <div class=\"section-background-overlay\"><\/div>\n\n\n<div class=\"section-container\"><h1 class=\"bde-heading-476-145 bde-heading\">\nJetzt kostenloses Erstgespr\u00e4ch sichern\n<\/h1><div class=\"bde-fancy-divider-476-146 bde-fancy-divider\">\n\n\n<div class=\"bde-fancy-divider__wrapper\">\n  <div class=\"bde-fancy-divider__separator   \">\n  \t  <\/div>\n<\/div>\n\n<\/div><div class=\"bde-shortcode-476-147 bde-shortcode\">\n<!-- Calendly Inline-Widget Beginn --><br><div class=\"calendly-inline-widget\" data-url=\"https:\/\/calendly.com\/leander-haidacher-irfsolutions\/kostenloses-erstgespraech?primary_color=6fd111\" style=\"min-width:320px;height:700px;\"><\/div><br><script type=\"text\/javascript\" src=\"https:\/\/assets.calendly.com\/assets\/external\/widget.js\" async><\/script><br><!-- Calendly Inline-Widget Ende -->\n<\/div><\/div>\n<\/section><section class=\"bde-section-476-138 bde-section\">\n  \n\t\n\n\n\n<div class=\"section-container\"><h1 class=\"bde-heading-476-128 bde-heading\">\nVereinbaren Sie direkt einen Termin und lasses Sie sich unverbindlich beraten.\n<\/h1><div class=\"bde-fancy-divider-476-129 bde-fancy-divider\">\n\n\n<div class=\"bde-fancy-divider__wrapper\">\n  <div class=\"bde-fancy-divider__separator   \">\n  \t  <\/div>\n<\/div>\n\n<\/div><\/div>\n<\/section><section class=\"bde-section-476-108 bde-section\">\n  \n\t\n\n\n\n<div class=\"section-container\"><div class=\"bde-image-box-476-109 bde-image-box\">\n<div class=\"ee-imagebox-image\">\n  <img loading=\"lazy\" decoding=\"async\" class=\"breakdance-image-object\" src=\"https:\/\/www.irfsolutions.at\/wp-content\/uploads\/2023\/10\/kapcsolat-icon-01.png\" width=\"160\" height=\"160\" srcset=\"https:\/\/www.irfsolutions.at\/wp-content\/uploads\/2023\/10\/kapcsolat-icon-01.png 160w, https:\/\/www.irfsolutions.at\/wp-content\/uploads\/2023\/10\/kapcsolat-icon-01-150x150.png 150w\" sizes=\"auto, (max-width: 160px) 100vw, 160px\">\n<\/div>\n<div class=\"ee-imagebox-content\">\n      <h3 class=\"ee-imagebox-title bde-h3\" >Flexible Ressourcenerweiterungsm\u00f6glichkeiten<\/h3>\n    \n      <div class=\"ee-imagebox-text\" >Unsere Dienstleistung ist die perfekte L\u00f6sung f\u00fcr Unternehmen, die tempor\u00e4r oder dauerhaft ihre Expertenressourcen erweitern oder erg\u00e4nzen m\u00f6chten. Das Team von IRF Solutions, bestehend aus erfahrenen und anerkannten Fachleuten, kann sofort in Ihre bestehenden Projekte einsteigen und Wert schaffen, indem sie neue Expertise, technisches Know-how und frische Perspektiven in den Entwicklungsprozess einbringen.\t\t<\/div>\n    \n  <\/div>\n\n<\/div><div class=\"bde-image-box-476-110 bde-image-box\">\n<div class=\"ee-imagebox-image\">\n  <img loading=\"lazy\" decoding=\"async\" class=\"breakdance-image-object\" src=\"https:\/\/www.irfsolutions.at\/wp-content\/uploads\/2023\/10\/kapcsolat-icon-02.png\" width=\"160\" height=\"160\" srcset=\"https:\/\/www.irfsolutions.at\/wp-content\/uploads\/2023\/10\/kapcsolat-icon-02.png 160w, https:\/\/www.irfsolutions.at\/wp-content\/uploads\/2023\/10\/kapcsolat-icon-02-150x150.png 150w\" sizes=\"auto, (max-width: 160px) 100vw, 160px\">\n<\/div>\n<div class=\"ee-imagebox-content\">\n      <h3 class=\"ee-imagebox-title bde-h3\" >Kundenspezifische L\u00f6sungen\t<\/h3>\n    \n      <div class=\"ee-imagebox-text\" >Ob es sich um einen einzelnen Experten oder ein komplettes Team handelt, wir gestalten die Zusammenarbeit nach Ihren Anforderungen und Ihrem Budget. Unsere Fachleute bringen Mehrwert in Ihr Projekt, beschleunigen die Produktentwicklung und reduzieren gleichzeitig Risiken und Kosten. IRF Solutions setzt alles daran, Ihnen das h\u00f6chste Ma\u00df an Fachkompetenz und Professionalit\u00e4t zur Verf\u00fcgung zu stellen.\t\t<\/div>\n    \n  <\/div>\n\n<\/div><\/div>\n<\/section><section class=\"bde-section-476-111 bde-section\">\n  \n\t\n\n\n\n<div class=\"section-container\"><h2 class=\"bde-heading-476-112 bde-heading\">\nUnsere B\u00fcro\t<br>\n<\/h2><div class=\"bde-fancy-divider-476-113 bde-fancy-divider\">\n\n\n<div class=\"bde-fancy-divider__wrapper\">\n  <div class=\"bde-fancy-divider__separator   \">\n  \t  <\/div>\n<\/div>\n\n<\/div><div class=\"bde-columns-476-114 bde-columns\"><div class=\"bde-column-476-115 bde-column\">\n  \n\t\n\n\n\n<h3 class=\"bde-heading-476-116 bde-heading\">\n\u00d6sterreich<br>\n<\/h3><div class=\"bde-rich-text-476-117 bde-rich-text breakdance-rich-text-styles\">\n<p>IRF Solutions GmbH<br>1010 Wien, Fleischmarkt 1.<\/p>\n<\/div><div class=\"bde-google-map-476-118 bde-google-map\">\n\r\n<iframe width=\"100%\" height=\"100%\" style=\"border:0\" loading=\"lazy\" title=\"Map\" src=\"https:\/\/maps.google.com\/maps?q=1010+Wien%2C+Fleischmarkt+1.&t=m&z=14&output=embed&iwloc=near\" allowfullscreen><\/iframe>\n\n<\/div>\n<\/div><\/div><\/div>\n<\/section><section class=\"bde-section-476-130 bde-section\">\n              \n  \n\t\n\n  <div class=\"section-background-overlay\"><\/div>\n\n\n<div class=\"section-container\"><div class=\"bde-columns-476-131 bde-columns\"><div class=\"bde-column-476-132 bde-column\">\n  \n\t\n\n\n\n<h1 class=\"bde-heading-476-133 bde-heading\">\nKontakt aufnehmen\n<\/h1><div class=\"bde-text-476-134 bde-text\">\nInformieren Sie sich unverbindlich in einem ersten Gespr\u00e4ch \u00fcber unsere Leistungen und tauschen Sie sich mit uns zu Ihrem Vorhaben aus.\n<\/div>\n<\/div><div class=\"bde-column-476-139 bde-column\">\n  \n\t\n\n\n\n<div class=\"bde-image-box-476-137 bde-image-box\">\n<div class=\"ee-imagebox-image\">\n  <img loading=\"lazy\" decoding=\"async\" class=\"breakdance-image-object\" src=\"https:\/\/www.irf.hu\/wp-content\/uploads\/2023\/08\/irf-phone.png\" width=\"48\" height=\"48\" srcset=\"https:\/\/www.irf.hu\/wp-content\/uploads\/2023\/08\/irf-phone.png 48w, https:\/\/www.irf.hu\/wp-content\/uploads\/2023\/08\/irf-phone-12x12.png 12w\" sizes=\"auto, (max-width: 48px) 100vw, 48px\">\n<\/div>\n<div class=\"ee-imagebox-content\">\n      <p class=\"ee-imagebox-title bde-h3\" >Tel.-Nr.:<\/p>\n    \n      <div class=\"ee-imagebox-text\" >+43 (1) 9280-1380041<\/div>\n    \n  <\/div>\n\n<\/div><div class=\"bde-button-476-136 bde-button\">\n    \n                                    \n    \n    \n    \n    \n            \n                    \n            \n            \n\n    \n    \n    \n    \n    \n    <a class=\"breakdance-link button-atom button-atom--custom bde-button__button\" href=\"#calendly\" target=\"_self\" data-type=\"url\"  >\n\n    \n        <span class=\"button-atom__text\">Beratungsgespr\u00e4ch vereinbaren<\/span>\n\n        \n        \n                <\/a>\n\n    \n\n\n<\/div>\n<\/div><\/div><\/div>\n<\/section><\/div>","protected":false},"excerpt":{"rendered":"<p>Wie k\u00f6nnen wir Ihnen behilflich sein? Nur einige Fragen zu Ihrem Projekt, und dann k\u00f6nnen wir mit der Zusammenarbeit beginnen! Wie k\u00f6nnen wir Kontakt mit Ihnen aufnehmen? Bitte geben Sie Ihre Kontaktinformationen an, damit wir Sie so schnell wie m\u00f6glich erreichen k\u00f6nnen. Mit der \u00dcbermittlung Ihrer Kontaktdaten erkl\u00e4ren Sie sich mit diesem Thema in \u00dcbereinstimmung [&hellip;]<\/p>\n","protected":false},"author":1,"featured_media":666,"parent":0,"menu_order":0,"comment_status":"closed","ping_status":"closed","template":"","meta":{"_acf_changed":false,"_breakdance_hide_in_design_set":false,"_breakdance_tags":"","footnotes":""},"page-category":[],"class_list":["post-476","page","type-page","status-publish","has-post-thumbnail","hentry"],"acf":[],"yoast_head":"<!-- This site is optimized with the Yoast SEO plugin v27.2 - https:\/\/yoast.com\/product\/yoast-seo-wordpress\/ -->\n<title>Kontakt - IRF Solutions GmbH<\/title>\n<meta name=\"description\" content=\"Nehmen Sie Kontakt mit uns auf! Wir f\u00fchren nicht nur vorgefertigte Systeme nach Ihren Bed\u00fcrfnissen ein, sondern realisieren auch Ihr individuelles Entwicklungsprojekt!\" \/>\n<meta name=\"robots\" content=\"index, follow, max-snippet:-1, max-image-preview:large, max-video-preview:-1\" \/>\n<link rel=\"canonical\" href=\"https:\/\/www.irfsolutions.at\/en\/kontakt\/\" \/>\n<meta property=\"og:locale\" content=\"en_GB\" \/>\n<meta property=\"og:type\" content=\"article\" \/>\n<meta property=\"og:title\" content=\"Kontakt - IRF Solutions GmbH\" \/>\n<meta property=\"og:description\" content=\"Nehmen Sie Kontakt mit uns auf! Wir f\u00fchren nicht nur vorgefertigte Systeme nach Ihren Bed\u00fcrfnissen ein, sondern realisieren auch Ihr individuelles Entwicklungsprojekt!\" \/>\n<meta property=\"og:url\" content=\"https:\/\/www.irfsolutions.at\/en\/kontakt\/\" \/>\n<meta property=\"og:site_name\" content=\"IRF Solutions GmbH\" \/>\n<meta property=\"article:modified_time\" content=\"2024-11-22T21:39:09+00:00\" \/>\n<meta property=\"og:image\" content=\"https:\/\/www.irfsolutions.at\/wp-content\/uploads\/2023\/10\/irf-hero-kapcsolat-01.webp\" \/>\n\t<meta property=\"og:image:width\" content=\"1920\" \/>\n\t<meta property=\"og:image:height\" content=\"747\" \/>\n\t<meta property=\"og:image:type\" content=\"image\/webp\" \/>\n<meta name=\"twitter:card\" content=\"summary_large_image\" \/>\n<meta name=\"twitter:label1\" content=\"Estimated reading time\" \/>\n\t<meta name=\"twitter:data1\" content=\"2 minutes\" \/>\n<script type=\"application\/ld+json\" class=\"yoast-schema-graph\">{\"@context\":\"https:\/\/schema.org\",\"@graph\":[{\"@type\":\"WebPage\",\"@id\":\"https:\/\/www.irfsolutions.at\/kontakt\/\",\"url\":\"https:\/\/www.irfsolutions.at\/kontakt\/\",\"name\":\"Kontakt - IRF Solutions GmbH\",\"isPartOf\":{\"@id\":\"https:\/\/www.irfsolutions.at\/#website\"},\"primaryImageOfPage\":{\"@id\":\"https:\/\/www.irfsolutions.at\/kontakt\/#primaryimage\"},\"image\":{\"@id\":\"https:\/\/www.irfsolutions.at\/kontakt\/#primaryimage\"},\"thumbnailUrl\":\"https:\/\/www.irfsolutions.at\/wp-content\/uploads\/2023\/10\/irf-hero-kapcsolat-01.webp\",\"datePublished\":\"2023-10-26T15:07:57+00:00\",\"dateModified\":\"2024-11-22T21:39:09+00:00\",\"description\":\"Nehmen Sie Kontakt mit uns auf! Wir f\u00fchren nicht nur vorgefertigte Systeme nach Ihren Bed\u00fcrfnissen ein, sondern realisieren auch Ihr individuelles Entwicklungsprojekt!\",\"breadcrumb\":{\"@id\":\"https:\/\/www.irfsolutions.at\/kontakt\/#breadcrumb\"},\"inLanguage\":\"en-GB\",\"potentialAction\":[{\"@type\":\"ReadAction\",\"target\":[\"https:\/\/www.irfsolutions.at\/kontakt\/\"]}]},{\"@type\":\"ImageObject\",\"inLanguage\":\"en-GB\",\"@id\":\"https:\/\/www.irfsolutions.at\/kontakt\/#primaryimage\",\"url\":\"https:\/\/www.irfsolutions.at\/wp-content\/uploads\/2023\/10\/irf-hero-kapcsolat-01.webp\",\"contentUrl\":\"https:\/\/www.irfsolutions.at\/wp-content\/uploads\/2023\/10\/irf-hero-kapcsolat-01.webp\",\"width\":1920,\"height\":747},{\"@type\":\"BreadcrumbList\",\"@id\":\"https:\/\/www.irfsolutions.at\/kontakt\/#breadcrumb\",\"itemListElement\":[{\"@type\":\"ListItem\",\"position\":1,\"name\":\"Kezd\u0151lap\",\"item\":\"https:\/\/www.irfsolutions.at\/\"},{\"@type\":\"ListItem\",\"position\":2,\"name\":\"Kontakt\"}]},{\"@type\":\"WebSite\",\"@id\":\"https:\/\/www.irfsolutions.at\/#website\",\"url\":\"https:\/\/www.irfsolutions.at\/\",\"name\":\"IRF Solutions GmbH\",\"description\":\"\",\"potentialAction\":[{\"@type\":\"SearchAction\",\"target\":{\"@type\":\"EntryPoint\",\"urlTemplate\":\"https:\/\/www.irfsolutions.at\/?s={search_term_string}\"},\"query-input\":{\"@type\":\"PropertyValueSpecification\",\"valueRequired\":true,\"valueName\":\"search_term_string\"}}],\"inLanguage\":\"en-GB\"}]}<\/script>\n<!-- \/ Yoast SEO plugin. -->","yoast_head_json":{"title":"Kontakt - IRF Solutions GmbH","description":"Nehmen Sie Kontakt mit uns auf! Wir f\u00fchren nicht nur vorgefertigte Systeme nach Ihren Bed\u00fcrfnissen ein, sondern realisieren auch Ihr individuelles Entwicklungsprojekt!","robots":{"index":"index","follow":"follow","max-snippet":"max-snippet:-1","max-image-preview":"max-image-preview:large","max-video-preview":"max-video-preview:-1"},"canonical":"https:\/\/www.irfsolutions.at\/en\/kontakt\/","og_locale":"en_GB","og_type":"article","og_title":"Kontakt - IRF Solutions GmbH","og_description":"Nehmen Sie Kontakt mit uns auf! Wir f\u00fchren nicht nur vorgefertigte Systeme nach Ihren Bed\u00fcrfnissen ein, sondern realisieren auch Ihr individuelles Entwicklungsprojekt!","og_url":"https:\/\/www.irfsolutions.at\/en\/kontakt\/","og_site_name":"IRF Solutions GmbH","article_modified_time":"2024-11-22T21:39:09+00:00","og_image":[{"width":1920,"height":747,"url":"https:\/\/www.irfsolutions.at\/wp-content\/uploads\/2023\/10\/irf-hero-kapcsolat-01.webp","type":"image\/webp"}],"twitter_card":"summary_large_image","twitter_misc":{"Estimated reading time":"2 minutes"},"schema":{"@context":"https:\/\/schema.org","@graph":[{"@type":"WebPage","@id":"https:\/\/www.irfsolutions.at\/kontakt\/","url":"https:\/\/www.irfsolutions.at\/kontakt\/","name":"Kontakt - IRF Solutions GmbH","isPartOf":{"@id":"https:\/\/www.irfsolutions.at\/#website"},"primaryImageOfPage":{"@id":"https:\/\/www.irfsolutions.at\/kontakt\/#primaryimage"},"image":{"@id":"https:\/\/www.irfsolutions.at\/kontakt\/#primaryimage"},"thumbnailUrl":"https:\/\/www.irfsolutions.at\/wp-content\/uploads\/2023\/10\/irf-hero-kapcsolat-01.webp","datePublished":"2023-10-26T15:07:57+00:00","dateModified":"2024-11-22T21:39:09+00:00","description":"Nehmen Sie Kontakt mit uns auf! Wir f\u00fchren nicht nur vorgefertigte Systeme nach Ihren Bed\u00fcrfnissen ein, sondern realisieren auch Ihr individuelles Entwicklungsprojekt!","breadcrumb":{"@id":"https:\/\/www.irfsolutions.at\/kontakt\/#breadcrumb"},"inLanguage":"en-GB","potentialAction":[{"@type":"ReadAction","target":["https:\/\/www.irfsolutions.at\/kontakt\/"]}]},{"@type":"ImageObject","inLanguage":"en-GB","@id":"https:\/\/www.irfsolutions.at\/kontakt\/#primaryimage","url":"https:\/\/www.irfsolutions.at\/wp-content\/uploads\/2023\/10\/irf-hero-kapcsolat-01.webp","contentUrl":"https:\/\/www.irfsolutions.at\/wp-content\/uploads\/2023\/10\/irf-hero-kapcsolat-01.webp","width":1920,"height":747},{"@type":"BreadcrumbList","@id":"https:\/\/www.irfsolutions.at\/kontakt\/#breadcrumb","itemListElement":[{"@type":"ListItem","position":1,"name":"Kezd\u0151lap","item":"https:\/\/www.irfsolutions.at\/"},{"@type":"ListItem","position":2,"name":"Kontakt"}]},{"@type":"WebSite","@id":"https:\/\/www.irfsolutions.at\/#website","url":"https:\/\/www.irfsolutions.at\/","name":"IRF Solutions GmbH","description":"","potentialAction":[{"@type":"SearchAction","target":{"@type":"EntryPoint","urlTemplate":"https:\/\/www.irfsolutions.at\/?s={search_term_string}"},"query-input":{"@type":"PropertyValueSpecification","valueRequired":true,"valueName":"search_term_string"}}],"inLanguage":"en-GB"}]}},"_links":{"self":[{"href":"https:\/\/www.irfsolutions.at\/en\/wp-json\/wp\/v2\/pages\/476","targetHints":{"allow":["GET"]}}],"collection":[{"href":"https:\/\/www.irfsolutions.at\/en\/wp-json\/wp\/v2\/pages"}],"about":[{"href":"https:\/\/www.irfsolutions.at\/en\/wp-json\/wp\/v2\/types\/page"}],"author":[{"embeddable":true,"href":"https:\/\/www.irfsolutions.at\/en\/wp-json\/wp\/v2\/users\/1"}],"replies":[{"embeddable":true,"href":"https:\/\/www.irfsolutions.at\/en\/wp-json\/wp\/v2\/comments?post=476"}],"version-history":[{"count":33,"href":"https:\/\/www.irfsolutions.at\/en\/wp-json\/wp\/v2\/pages\/476\/revisions"}],"predecessor-version":[{"id":1765,"href":"https:\/\/www.irfsolutions.at\/en\/wp-json\/wp\/v2\/pages\/476\/revisions\/1765"}],"wp:featuredmedia":[{"embeddable":true,"href":"https:\/\/www.irfsolutions.at\/en\/wp-json\/wp\/v2\/media\/666"}],"wp:attachment":[{"href":"https:\/\/www.irfsolutions.at\/en\/wp-json\/wp\/v2\/media?parent=476"}],"wp:term":[{"taxonomy":"page-category","embeddable":true,"href":"https:\/\/www.irfsolutions.at\/en\/wp-json\/wp\/v2\/page-category?post=476"}],"curies":[{"name":"wp","href":"https:\/\/api.w.org\/{rel}","templated":true}]}}